{"id":13,"date":"2024-06-18T23:41:19","date_gmt":"2024-06-18T23:41:19","guid":{"rendered":"https:\/\/equipeeditora.com.br\/?page_id=13"},"modified":"2024-06-18T23:41:20","modified_gmt":"2024-06-18T23:41:20","slug":"bem-vindo-a-equipe-editora","status":"publish","type":"page","link":"https:\/\/equipeeditora.com.br\/index.php\/bem-vindo-a-equipe-editora\/","title":{"rendered":"Bem-vindo \u00e0 Equipe Editora"},"content":{"rendered":"\n<div class=\"wp-block-columns is-layout-flex wp-container-core-columns-is-layout-1 wp-block-columns-is-layout-flex\">\n<div class=\"wp-block-column is-layout-flow wp-block-column-is-layout-flow\">\n<figure class=\"wp-block-image size-full\"><img loading=\"lazy\" decoding=\"async\" width=\"567\" height=\"172\" src=\"https:\/\/equipeeditora.com.br\/wp-content\/uploads\/2023\/12\/logo-livraria.png\" alt=\"\" class=\"wp-image-14\" srcset=\"https:\/\/equipeeditora.com.br\/wp-content\/uploads\/2023\/12\/logo-livraria.png 567w, https:\/\/equipeeditora.com.br\/wp-content\/uploads\/2023\/12\/logo-livraria-300x91.png 300w\" sizes=\"auto, (max-width: 567px) 100vw, 567px\" \/><\/figure>\n<\/div>\n\n\n\n<div class=\"wp-block-column is-layout-flow wp-block-column-is-layout-flow\">\n<figure class=\"wp-block-image size-full\"><img loading=\"lazy\" decoding=\"async\" width=\"290\" height=\"294\" src=\"https:\/\/equipeeditora.com.br\/wp-content\/uploads\/2023\/12\/LOGO-CERTIFICADO3.png\" alt=\"\" class=\"wp-image-10\"\/><\/figure>\n<\/div>\n\n\n\n<div class=\"wp-block-column is-layout-flow wp-block-column-is-layout-flow\">\n<figure class=\"wp-block-image size-full\"><img loading=\"lazy\" decoding=\"async\" width=\"931\" height=\"281\" src=\"https:\/\/equipeeditora.com.br\/wp-content\/uploads\/2023\/12\/logo-para-fundo-branco.png\" alt=\"\" class=\"wp-image-15\" srcset=\"https:\/\/equipeeditora.com.br\/wp-content\/uploads\/2023\/12\/logo-para-fundo-branco.png 931w, https:\/\/equipeeditora.com.br\/wp-content\/uploads\/2023\/12\/logo-para-fundo-branco-300x91.png 300w, https:\/\/equipeeditora.com.br\/wp-content\/uploads\/2023\/12\/logo-para-fundo-branco-768x232.png 768w\" sizes=\"auto, (max-width: 931px) 100vw, 931px\" \/><\/figure>\n<\/div>\n\n\n\n<div class=\"wp-block-column is-layout-flow wp-block-column-is-layout-flow\"><\/div>\n\n\n\n<div class=\"wp-block-column is-layout-flow wp-block-column-is-layout-flow\"><\/div>\n<\/div>\n\n\n\n<p>Informamos a nossos clientes que a Equipe Editora est\u00e1 encerrando as atividades na Rua Tupi, 494 para concentrar-se apenas nos ramos de livros e conte\u00fado gravado.<\/p>\n\n\n\n<p>Em breve maiores not\u00edcias!<\/p>\n","protected":false},"excerpt":{"rendered":"<p>Informamos a nossos clientes que a Equipe Editora est\u00e1 encerrando as atividades na Rua Tupi, 494 para concentrar-se apenas nos ramos de livros e conte\u00fado gravado. Em breve maiores not\u00edcias!<\/p>\n","protected":false},"author":1,"featured_media":0,"parent":0,"menu_order":0,"comment_status":"closed","ping_status":"closed","template":"","meta":{"footnotes":""},"class_list":["post-13","page","type-page","status-publish","hentry"],"yoast_head":"<!-- This site is optimized with the Yoast SEO plugin v22.9 - https:\/\/yoast.com\/wordpress\/plugins\/seo\/ -->\n<title>Bem-vindo \u00e0 Equipe Editora - Home da Equipe Editora<\/title>\n<meta name=\"robots\" content=\"index, follow, max-snippet:-1, max-image-preview:large, max-video-preview:-1\" \/>\n<link rel=\"canonical\" href=\"https:\/\/equipeeditora.com.br\/index.php\/bem-vindo-a-equipe-editora\/\" \/>\n<meta property=\"og:locale\" content=\"pt_BR\" \/>\n<meta property=\"og:type\" content=\"article\" \/>\n<meta property=\"og:title\" content=\"Bem-vindo \u00e0 Equipe Editora - Home da Equipe Editora\" \/>\n<meta property=\"og:description\" content=\"Informamos a nossos clientes que a Equipe Editora est\u00e1 encerrando as atividades na Rua Tupi, 494 para concentrar-se apenas nos ramos de livros e conte\u00fado gravado. Em breve maiores not\u00edcias!\" \/>\n<meta property=\"og:url\" content=\"https:\/\/equipeeditora.com.br\/index.php\/bem-vindo-a-equipe-editora\/\" \/>\n<meta property=\"og:site_name\" content=\"Home da Equipe Editora\" \/>\n<meta property=\"article:modified_time\" content=\"2024-06-18T23:41:20+00:00\" \/>\n<meta property=\"og:image\" content=\"https:\/\/equipeeditora.com.br\/wp-content\/uploads\/2023\/12\/logo-livraria.png\" \/>\n<meta name=\"twitter:card\" content=\"summary_large_image\" \/>\n<meta name=\"twitter:label1\" content=\"Est. tempo de leitura\" \/>\n\t<meta name=\"twitter:data1\" content=\"1 minuto\" \/>\n<script type=\"application\/ld+json\" class=\"yoast-schema-graph\">{\"@context\":\"https:\/\/schema.org\",\"@graph\":[{\"@type\":\"WebPage\",\"@id\":\"https:\/\/equipeeditora.com.br\/index.php\/bem-vindo-a-equipe-editora\/\",\"url\":\"https:\/\/equipeeditora.com.br\/index.php\/bem-vindo-a-equipe-editora\/\",\"name\":\"Bem-vindo \u00e0 Equipe Editora - Home da Equipe Editora\",\"isPartOf\":{\"@id\":\"https:\/\/equipeeditora.com.br\/#website\"},\"primaryImageOfPage\":{\"@id\":\"https:\/\/equipeeditora.com.br\/index.php\/bem-vindo-a-equipe-editora\/#primaryimage\"},\"image\":{\"@id\":\"https:\/\/equipeeditora.com.br\/index.php\/bem-vindo-a-equipe-editora\/#primaryimage\"},\"thumbnailUrl\":\"https:\/\/equipeeditora.com.br\/wp-content\/uploads\/2023\/12\/logo-livraria.png\",\"datePublished\":\"2024-06-18T23:41:19+00:00\",\"dateModified\":\"2024-06-18T23:41:20+00:00\",\"breadcrumb\":{\"@id\":\"https:\/\/equipeeditora.com.br\/index.php\/bem-vindo-a-equipe-editora\/#breadcrumb\"},\"inLanguage\":\"pt-BR\",\"potentialAction\":[{\"@type\":\"ReadAction\",\"target\":[\"https:\/\/equipeeditora.com.br\/index.php\/bem-vindo-a-equipe-editora\/\"]}]},{\"@type\":\"ImageObject\",\"inLanguage\":\"pt-BR\",\"@id\":\"https:\/\/equipeeditora.com.br\/index.php\/bem-vindo-a-equipe-editora\/#primaryimage\",\"url\":\"https:\/\/equipeeditora.com.br\/wp-content\/uploads\/2023\/12\/logo-livraria.png\",\"contentUrl\":\"https:\/\/equipeeditora.com.br\/wp-content\/uploads\/2023\/12\/logo-livraria.png\",\"width\":567,\"height\":172},{\"@type\":\"BreadcrumbList\",\"@id\":\"https:\/\/equipeeditora.com.br\/index.php\/bem-vindo-a-equipe-editora\/#breadcrumb\",\"itemListElement\":[{\"@type\":\"ListItem\",\"position\":1,\"name\":\"In\u00edcio\",\"item\":\"https:\/\/equipeeditora.com.br\/\"},{\"@type\":\"ListItem\",\"position\":2,\"name\":\"Bem-vindo \u00e0 Equipe Editora\"}]},{\"@type\":\"WebSite\",\"@id\":\"https:\/\/equipeeditora.com.br\/#website\",\"url\":\"https:\/\/equipeeditora.com.br\/\",\"name\":\"Home da Equipe Editora\",\"description\":\"\",\"publisher\":{\"@id\":\"https:\/\/equipeeditora.com.br\/#organization\"},\"potentialAction\":[{\"@type\":\"SearchAction\",\"target\":{\"@type\":\"EntryPoint\",\"urlTemplate\":\"https:\/\/equipeeditora.com.br\/?s={search_term_string}\"},\"query-input\":\"required name=search_term_string\"}],\"inLanguage\":\"pt-BR\"},{\"@type\":\"Organization\",\"@id\":\"https:\/\/equipeeditora.com.br\/#organization\",\"name\":\"Home da Equipe Editora\",\"url\":\"https:\/\/equipeeditora.com.br\/\",\"logo\":{\"@type\":\"ImageObject\",\"inLanguage\":\"pt-BR\",\"@id\":\"https:\/\/equipeeditora.com.br\/#\/schema\/logo\/image\/\",\"url\":\"https:\/\/equipeeditora.com.br\/wp-content\/uploads\/2023\/12\/LOGO-CERTIFICADO3.png\",\"contentUrl\":\"https:\/\/equipeeditora.com.br\/wp-content\/uploads\/2023\/12\/LOGO-CERTIFICADO3.png\",\"width\":290,\"height\":294,\"caption\":\"Home da Equipe Editora\"},\"image\":{\"@id\":\"https:\/\/equipeeditora.com.br\/#\/schema\/logo\/image\/\"}}]}<\/script>\n<!-- \/ Yoast SEO plugin. -->","yoast_head_json":{"title":"Bem-vindo \u00e0 Equipe Editora - Home da Equipe Editora","robots":{"index":"index","follow":"follow","max-snippet":"max-snippet:-1","max-image-preview":"max-image-preview:large","max-video-preview":"max-video-preview:-1"},"canonical":"https:\/\/equipeeditora.com.br\/index.php\/bem-vindo-a-equipe-editora\/","og_locale":"pt_BR","og_type":"article","og_title":"Bem-vindo \u00e0 Equipe Editora - Home da Equipe Editora","og_description":"Informamos a nossos clientes que a Equipe Editora est\u00e1 encerrando as atividades na Rua Tupi, 494 para concentrar-se apenas nos ramos de livros e conte\u00fado gravado. Em breve maiores not\u00edcias!","og_url":"https:\/\/equipeeditora.com.br\/index.php\/bem-vindo-a-equipe-editora\/","og_site_name":"Home da Equipe Editora","article_modified_time":"2024-06-18T23:41:20+00:00","og_image":[{"url":"https:\/\/equipeeditora.com.br\/wp-content\/uploads\/2023\/12\/logo-livraria.png"}],"twitter_card":"summary_large_image","twitter_misc":{"Est. tempo de leitura":"1 minuto"},"schema":{"@context":"https:\/\/schema.org","@graph":[{"@type":"WebPage","@id":"https:\/\/equipeeditora.com.br\/index.php\/bem-vindo-a-equipe-editora\/","url":"https:\/\/equipeeditora.com.br\/index.php\/bem-vindo-a-equipe-editora\/","name":"Bem-vindo \u00e0 Equipe Editora - Home da Equipe Editora","isPartOf":{"@id":"https:\/\/equipeeditora.com.br\/#website"},"primaryImageOfPage":{"@id":"https:\/\/equipeeditora.com.br\/index.php\/bem-vindo-a-equipe-editora\/#primaryimage"},"image":{"@id":"https:\/\/equipeeditora.com.br\/index.php\/bem-vindo-a-equipe-editora\/#primaryimage"},"thumbnailUrl":"https:\/\/equipeeditora.com.br\/wp-content\/uploads\/2023\/12\/logo-livraria.png","datePublished":"2024-06-18T23:41:19+00:00","dateModified":"2024-06-18T23:41:20+00:00","breadcrumb":{"@id":"https:\/\/equipeeditora.com.br\/index.php\/bem-vindo-a-equipe-editora\/#breadcrumb"},"inLanguage":"pt-BR","potentialAction":[{"@type":"ReadAction","target":["https:\/\/equipeeditora.com.br\/index.php\/bem-vindo-a-equipe-editora\/"]}]},{"@type":"ImageObject","inLanguage":"pt-BR","@id":"https:\/\/equipeeditora.com.br\/index.php\/bem-vindo-a-equipe-editora\/#primaryimage","url":"https:\/\/equipeeditora.com.br\/wp-content\/uploads\/2023\/12\/logo-livraria.png","contentUrl":"https:\/\/equipeeditora.com.br\/wp-content\/uploads\/2023\/12\/logo-livraria.png","width":567,"height":172},{"@type":"BreadcrumbList","@id":"https:\/\/equipeeditora.com.br\/index.php\/bem-vindo-a-equipe-editora\/#breadcrumb","itemListElement":[{"@type":"ListItem","position":1,"name":"In\u00edcio","item":"https:\/\/equipeeditora.com.br\/"},{"@type":"ListItem","position":2,"name":"Bem-vindo \u00e0 Equipe Editora"}]},{"@type":"WebSite","@id":"https:\/\/equipeeditora.com.br\/#website","url":"https:\/\/equipeeditora.com.br\/","name":"Home da Equipe Editora","description":"","publisher":{"@id":"https:\/\/equipeeditora.com.br\/#organization"},"potentialAction":[{"@type":"SearchAction","target":{"@type":"EntryPoint","urlTemplate":"https:\/\/equipeeditora.com.br\/?s={search_term_string}"},"query-input":"required name=search_term_string"}],"inLanguage":"pt-BR"},{"@type":"Organization","@id":"https:\/\/equipeeditora.com.br\/#organization","name":"Home da Equipe Editora","url":"https:\/\/equipeeditora.com.br\/","logo":{"@type":"ImageObject","inLanguage":"pt-BR","@id":"https:\/\/equipeeditora.com.br\/#\/schema\/logo\/image\/","url":"https:\/\/equipeeditora.com.br\/wp-content\/uploads\/2023\/12\/LOGO-CERTIFICADO3.png","contentUrl":"https:\/\/equipeeditora.com.br\/wp-content\/uploads\/2023\/12\/LOGO-CERTIFICADO3.png","width":290,"height":294,"caption":"Home da Equipe Editora"},"image":{"@id":"https:\/\/equipeeditora.com.br\/#\/schema\/logo\/image\/"}}]}},"_links":{"self":[{"href":"https:\/\/equipeeditora.com.br\/index.php\/wp-json\/wp\/v2\/pages\/13","targetHints":{"allow":["GET"]}}],"collection":[{"href":"https:\/\/equipeeditora.com.br\/index.php\/wp-json\/wp\/v2\/pages"}],"about":[{"href":"https:\/\/equipeeditora.com.br\/index.php\/wp-json\/wp\/v2\/types\/page"}],"author":[{"embeddable":true,"href":"https:\/\/equipeeditora.com.br\/index.php\/wp-json\/wp\/v2\/users\/1"}],"replies":[{"embeddable":true,"href":"https:\/\/equipeeditora.com.br\/index.php\/wp-json\/wp\/v2\/comments?post=13"}],"version-history":[{"count":2,"href":"https:\/\/equipeeditora.com.br\/index.php\/wp-json\/wp\/v2\/pages\/13\/revisions"}],"predecessor-version":[{"id":18,"href":"https:\/\/equipeeditora.com.br\/index.php\/wp-json\/wp\/v2\/pages\/13\/revisions\/18"}],"wp:attachment":[{"href":"https:\/\/equipeeditora.com.br\/index.php\/wp-json\/wp\/v2\/media?parent=13"}],"curies":[{"name":"wp","href":"https:\/\/api.w.org\/{rel}","templated":true}]}}